{"id":20,"date":"2025-10-13T19:38:25","date_gmt":"2025-10-13T19:38:25","guid":{"rendered":"https:\/\/25.criacao.net.br\/livemode.com.br\/?page_id=20"},"modified":"2025-10-13T23:34:40","modified_gmt":"2025-10-13T23:34:40","slug":"cazetv","status":"publish","type":"page","link":"https:\/\/25.criacao.net.br\/livemode.com.br\/cazetv\/","title":{"rendered":"Caz\u00e9TV"},"content":{"rendered":"\t\t<div data-elementor-type=\"wp-page\" data-elementor-id=\"20\" class=\"elementor elementor-20\" data-elementor-post-type=\"page\">\n\t\t\t\t\t\t<section class=\"elementor-section elementor-top-section elementor-element elementor-element-b70c650 elementor-section-boxed elementor-section-height-default elementor-section-height-default wpr-particle-no wpr-jarallax-no wpr-parallax-no wpr-sticky-section-no\" data-id=\"b70c650\" data-element_type=\"section\" data-settings=\"{&quot;background_background&quot;:&quot;classic&quot;}\">\n\t\t\t\t\t\t<div class=\"elementor-container elementor-column-gap-default\">\n\t\t\t\t\t<div class=\"elementor-column elementor-col-100 elementor-top-column elementor-element elementor-element-3e6b847\" data-id=\"3e6b847\" data-element_type=\"column\">\n\t\t\t<div class=\"elementor-widget-wrap elementor-element-populated\">\n\t\t\t\t\t\t<div class=\"elementor-element elementor-element-c17e367 elementor-widget elementor-widget-heading\" data-id=\"c17e367\" data-element_type=\"widget\" data-widget_type=\"heading.default\">\n\t\t\t\t<div class=\"elementor-widget-container\">\n\t\t\t\t\t<h2 class=\"elementor-heading-title elementor-size-default\">LiveMode &amp; Caz\u00e9TV<\/h2>\t\t\t\t<\/div>\n\t\t\t\t<\/div>\n\t\t\t\t<div class=\"elementor-element elementor-element-4965501 elementor-widget-divider--view-line elementor-widget elementor-widget-divider\" data-id=\"4965501\" data-element_type=\"widget\" data-widget_type=\"divider.default\">\n\t\t\t\t<div class=\"elementor-widget-container\">\n\t\t\t\t\t\t\t<div class=\"elementor-divider\">\n\t\t\t<span class=\"elementor-divider-separator\">\n\t\t\t\t\t\t<\/span>\n\t\t<\/div>\n\t\t\t\t\t\t<\/div>\n\t\t\t\t<\/div>\n\t\t\t\t<div class=\"elementor-element elementor-element-7bf9ded elementor-widget elementor-widget-text-editor\" data-id=\"7bf9ded\" data-element_type=\"widget\" data-widget_type=\"text-editor.default\">\n\t\t\t\t<div class=\"elementor-widget-container\">\n\t\t\t\t\t\t\t\t\t<p class=\"font_2 wixui-rich-text__text\"><span class=\"wixui-rich-text__text\">A LiveMode criou a Caz\u00e9TV junto com o Casimiro para trabalhar com as entidades esportivas em solu\u00e7\u00f5es \u00fanicas para suas transmiss\u00f5es. A Copa do Mundo FIFA 2022 foi o grande ponta p\u00e9 inicial trazendo um novo p\u00fablico jovem e super engajado para assistir ao maior espet\u00e1culo <\/span><span class=\"wixui-rich-text__text\">esportivo do mundo.<\/span><\/p><p class=\"font_2 wixui-rich-text__text\"><span class=\"wixui-rich-text__text\">Esse ano j\u00e1 tivemos o Mundial de Clubes em fevereiro e o Campeonato Carioca em parceria com o Vasco e Botafogo. Agora a Caz\u00e9TV vai transmitir o Brasileir\u00e3o com os jogos do Athletico Paranaense em casa contra todos os grandes clubes brasileiros, a Copa do Mundo FIFA Sub20, a Copa do Mundo Feminina, na Copa do Mundo FIFA Sub17, a Copa do Mundo FIFA de Beach Soccer e a Copa do Mundo FIFA de Futsal.<\/span><\/p>\t\t\t\t\t\t\t\t<\/div>\n\t\t\t\t<\/div>\n\t\t\t\t\t<\/div>\n\t\t<\/div>\n\t\t\t\t\t<\/div>\n\t\t<\/section>\n\t\t\t\t<section class=\"elementor-section elementor-top-section elementor-element elementor-element-e08f3a2 elementor-section-boxed elementor-section-height-default elementor-section-height-default wpr-particle-no wpr-jarallax-no wpr-parallax-no wpr-sticky-section-no\" data-id=\"e08f3a2\" data-element_type=\"section\" data-settings=\"{&quot;background_background&quot;:&quot;classic&quot;}\">\n\t\t\t\t\t\t<div class=\"elementor-container elementor-column-gap-default\">\n\t\t\t\t\t<div class=\"elementor-column elementor-col-100 elementor-top-column elementor-element elementor-element-12a7888\" data-id=\"12a7888\" data-element_type=\"column\">\n\t\t\t<div class=\"elementor-widget-wrap elementor-element-populated\">\n\t\t\t\t\t\t<div class=\"elementor-element elementor-element-b8b9ca9 elementor-widget elementor-widget-heading\" data-id=\"b8b9ca9\" data-element_type=\"widget\" data-widget_type=\"heading.default\">\n\t\t\t\t<div class=\"elementor-widget-container\">\n\t\t\t\t\t<h2 class=\"elementor-heading-title elementor-size-default\">PARCERIA <b>LIVEMODE &amp; FIFA<\/b> NA IMPRENSA<\/h2>\t\t\t\t<\/div>\n\t\t\t\t<\/div>\n\t\t\t\t<div class=\"elementor-element elementor-element-e681f09 premium-adv-carousel__infinite premium-adv-carousel__horizontal elementor-widget elementor-widget-premium-media-wheel\" data-id=\"e681f09\" data-element_type=\"widget\" data-widget_type=\"premium-media-wheel.default\">\n\t\t\t\t<div class=\"elementor-widget-container\">\n\t\t\t\t\t\t\t<div class=\"premium-adv-carousel-no-lightbox premium-adv-carousel__container\" data-settings=\"{&quot;type&quot;:&quot;infinite&quot;,&quot;scroll&quot;:false,&quot;speed&quot;:50,&quot;pauseOnHover&quot;:true,&quot;dir&quot;:&quot;horizontal&quot;,&quot;reverse&quot;:&quot;normal&quot;,&quot;renderEvent&quot;:&quot;scroll&quot;}\">\n\n\t\t\t<div style=\"visibility:hidden;\" class=\"premium-adv-carousel__inner-container\">\n\n\t\t\t\t<div class=\"premium-adv-carousel__items\">\n\n\t\t\t\t\t\t\t\t<div class=\"premium-adv-carousel__item-outer-wrapper\">\n\t\t\t\t<div class=\"elementor-repeater-item-1d1d3b5 premium-adv-carousel__item premium-adv-carousel__item-image\">\n\t\t\t\t\t<div class=\"premium-adv-carousel__media-wrap\">\n\t\t\t\t\t\t\t\t\t\t\t\t\t\t<img decoding=\"async\" src=\"https:\/\/25.criacao.net.br\/livemode.com.br\/wp-content\/uploads\/2025\/10\/uol3.png\" alt=\"uol3\" class=\"premium-adv-carousel__item-img \">\n\t\t\t\t\t\t\t<a class=\"premium-adv-carousel__item-link\" aria-label=\"\" href=\"https:\/\/www.uol.com.br\/esporte\/colunas\/allan-simon\/2022\/12\/05\/casimiro-bate-mais-um-recorde-mundial-de-audiencia-no-youtube-com-a-copa.htm\" ><\/a>\t\t\t\t\t<\/div>\n\n\t\t\t\t\t\n\t\t\t\t\t\t\t\t\t<\/div>\n\t\t\t<\/div>\n\t\t\t\t\t\t<div class=\"premium-adv-carousel__item-outer-wrapper\">\n\t\t\t\t<div class=\"elementor-repeater-item-748ea3f premium-adv-carousel__item premium-adv-carousel__item-image\">\n\t\t\t\t\t<div class=\"premium-adv-carousel__media-wrap\">\n\t\t\t\t\t\t\t\t\t\t\t\t\t\t<img decoding=\"async\" src=\"https:\/\/25.criacao.net.br\/livemode.com.br\/wp-content\/uploads\/2025\/10\/uol1.png\" alt=\"uol1\" class=\"premium-adv-carousel__item-img \">\n\t\t\t\t\t\t\t<a class=\"premium-adv-carousel__item-link\" aria-label=\"\" href=\"https:\/\/www.uol.com.br\/esporte\/colunas\/danilo-lavieri\/2022\/06\/28\/paulistao-supera-brasileirao-e-tem-maior-premiacao-da-historia-do-feminino.htm\" ><\/a>\t\t\t\t\t<\/div>\n\n\t\t\t\t\t\n\t\t\t\t\t\t\t\t\t<\/div>\n\t\t\t<\/div>\n\t\t\t\t\t\t<div class=\"premium-adv-carousel__item-outer-wrapper\">\n\t\t\t\t<div class=\"elementor-repeater-item-6354682 premium-adv-carousel__item premium-adv-carousel__item-image\">\n\t\t\t\t\t<div class=\"premium-adv-carousel__media-wrap\">\n\t\t\t\t\t\t\t\t\t\t\t\t\t\t<img decoding=\"async\" src=\"https:\/\/25.criacao.net.br\/livemode.com.br\/wp-content\/uploads\/2025\/10\/6.png\" alt=\"6\" class=\"premium-adv-carousel__item-img \">\n\t\t\t\t\t\t\t<a class=\"premium-adv-carousel__item-link\" aria-label=\"\" href=\"https:\/\/www.meioemensagem.com.br\/midia\/cazetv-transmitira-a-copa-do-mundo-feminina\" ><\/a>\t\t\t\t\t<\/div>\n\n\t\t\t\t\t\n\t\t\t\t\t\t\t\t\t<\/div>\n\t\t\t<\/div>\n\t\t\t\t\t\t<div class=\"premium-adv-carousel__item-outer-wrapper\">\n\t\t\t\t<div class=\"elementor-repeater-item-19cc49f premium-adv-carousel__item premium-adv-carousel__item-image\">\n\t\t\t\t\t<div class=\"premium-adv-carousel__media-wrap\">\n\t\t\t\t\t\t\t\t\t\t\t\t\t\t<img decoding=\"async\" src=\"https:\/\/25.criacao.net.br\/livemode.com.br\/wp-content\/uploads\/2025\/10\/7.png\" alt=\"7\" class=\"premium-adv-carousel__item-img \">\n\t\t\t\t\t\t\t<a class=\"premium-adv-carousel__item-link\" aria-label=\"\" href=\"https:\/\/www.mktesportivo.com\/2023\/03\/transmissao-do-paulistao-inova-ao-colocar-camera-em-jogador-e-arbitro-antes-da-partida\/\" ><\/a>\t\t\t\t\t<\/div>\n\n\t\t\t\t\t\n\t\t\t\t\t\t\t\t\t<\/div>\n\t\t\t<\/div>\n\t\t\t\t\t\t<div class=\"premium-adv-carousel__item-outer-wrapper\">\n\t\t\t\t<div class=\"elementor-repeater-item-1083090 premium-adv-carousel__item premium-adv-carousel__item-image\">\n\t\t\t\t\t<div class=\"premium-adv-carousel__media-wrap\">\n\t\t\t\t\t\t\t\t\t\t\t\t\t\t<img decoding=\"async\" src=\"https:\/\/25.criacao.net.br\/livemode.com.br\/wp-content\/uploads\/2025\/10\/8.png\" alt=\"8\" class=\"premium-adv-carousel__item-img \">\n\t\t\t\t\t\t\t<a class=\"premium-adv-carousel__item-link\" aria-label=\"\" href=\"https:\/\/www.mktesportivo.com\/2023\/03\/transmissao-do-paulistao-inova-ao-colocar-camera-em-jogador-e-arbitro-antes-da-partida\/\" ><\/a>\t\t\t\t\t<\/div>\n\n\t\t\t\t\t\n\t\t\t\t\t\t\t\t\t<\/div>\n\t\t\t<\/div>\n\t\t\t\t\t\t<div class=\"premium-adv-carousel__item-outer-wrapper\">\n\t\t\t\t<div class=\"elementor-repeater-item-7073afd premium-adv-carousel__item premium-adv-carousel__item-image\">\n\t\t\t\t\t<div class=\"premium-adv-carousel__media-wrap\">\n\t\t\t\t\t\t\t\t\t\t\t\t\t\t<img decoding=\"async\" src=\"https:\/\/25.criacao.net.br\/livemode.com.br\/wp-content\/uploads\/2025\/10\/11.png\" alt=\"11\" class=\"premium-adv-carousel__item-img \">\n\t\t\t\t\t\t\t<a class=\"premium-adv-carousel__item-link\" aria-label=\"\" href=\"https:\/\/onefootball.com\/pt-br\/noticias\/casimiro-e-athletico-reforcam-parceria-para-o-brasileirao-2023-36759453\" ><\/a>\t\t\t\t\t<\/div>\n\n\t\t\t\t\t\n\t\t\t\t\t\t\t\t\t<\/div>\n\t\t\t<\/div>\n\t\t\t\t\t\t<div class=\"premium-adv-carousel__item-outer-wrapper\">\n\t\t\t\t<div class=\"elementor-repeater-item-732e6ea premium-adv-carousel__item premium-adv-carousel__item-image\">\n\t\t\t\t\t<div class=\"premium-adv-carousel__media-wrap\">\n\t\t\t\t\t\t\t\t\t\t\t\t\t\t<img decoding=\"async\" src=\"https:\/\/25.criacao.net.br\/livemode.com.br\/wp-content\/uploads\/2025\/10\/10.png\" alt=\"10\" class=\"premium-adv-carousel__item-img \">\n\t\t\t\t\t\t\t<a class=\"premium-adv-carousel__item-link\" aria-label=\"\" href=\"https:\/\/www.mktesportivo.com\/2023\/02\/paulistao-sicredi-2023-se-destaca-em-publico-renda-e-audiencia\/\" ><\/a>\t\t\t\t\t<\/div>\n\n\t\t\t\t\t\n\t\t\t\t\t\t\t\t\t<\/div>\n\t\t\t<\/div>\n\t\t\t\t\t\t<div class=\"premium-adv-carousel__item-outer-wrapper\">\n\t\t\t\t<div class=\"elementor-repeater-item-d083148 premium-adv-carousel__item premium-adv-carousel__item-image\">\n\t\t\t\t\t<div class=\"premium-adv-carousel__media-wrap\">\n\t\t\t\t\t\t\t\t\t\t\t\t\t\t<img decoding=\"async\" src=\"https:\/\/25.criacao.net.br\/livemode.com.br\/wp-content\/uploads\/2025\/10\/9.png\" alt=\"9\" class=\"premium-adv-carousel__item-img \">\n\t\t\t\t\t\t\t<a class=\"premium-adv-carousel__item-link\" aria-label=\"\" href=\"https:\/\/www.uol.com.br\/esporte\/colunas\/allan-simon\/2023\/01\/10\/livemode-fecha-acordo-por\" ><\/a>\t\t\t\t\t<\/div>\n\n\t\t\t\t\t\n\t\t\t\t\t\t\t\t\t<\/div>\n\t\t\t<\/div>\n\t\t\t\t\t\t\t<\/div>\n\t\t\t<\/div>\n\t\t<\/div>\n\t\t\t\t\t\t<\/div>\n\t\t\t\t<\/div>\n\t\t\t\t\t<\/div>\n\t\t<\/div>\n\t\t\t\t\t<\/div>\n\t\t<\/section>\n\t\t\t\t<\/div>\n\t\t","protected":false},"excerpt":{"rendered":"<p>LiveMode &amp; Caz\u00e9TV A LiveMode criou a Caz\u00e9TV junto com o Casimiro para trabalhar com as entidades esportivas em solu\u00e7\u00f5es \u00fanicas para suas transmiss\u00f5es. A Copa do Mundo FIFA 2022 foi o grande ponta p\u00e9 inicial trazendo um novo p\u00fablico jovem e super engajado para assistir ao maior espet\u00e1culo esportivo do mundo. Esse ano j\u00e1 tivemos o Mundial de Clubes em fevereiro e o Campeonato Carioca em parceria com o Vasco e Botafogo. Agora a Caz\u00e9TV vai transmitir o Brasileir\u00e3o com os jogos do Athletico Paranaense em casa contra todos os grandes clubes brasileiros, a Copa do Mundo FIFA Sub20, a Copa do Mundo Feminina, na Copa do Mundo FIFA Sub17, a Copa do Mundo FIFA de Beach Soccer e a Copa do Mundo FIFA de Futsal. PARCERIA LIVEMODE &amp; FIFA NA IMPRENSA<\/p>\n","protected":false},"author":1,"featured_media":0,"parent":0,"menu_order":0,"comment_status":"closed","ping_status":"closed","template":"elementor_header_footer","meta":{"site-sidebar-layout":"no-sidebar","site-content-layout":"","ast-site-content-layout":"full-width-container","site-content-style":"default","site-sidebar-style":"default","ast-global-header-display":"","ast-banner-title-visibility":"","ast-main-header-display":"","ast-hfb-above-header-display":"","ast-hfb-below-header-display":"","ast-hfb-mobile-header-display":"","site-post-title":"","ast-breadcrumbs-content":"","ast-featured-img":"disabled","footer-sml-layout":"","ast-disable-related-posts":"","theme-transparent-header-meta":"","adv-header-id-meta":"","stick-header-meta":"","header-above-stick-meta":"","header-main-stick-meta":"","header-below-stick-meta":"","astra-migrate-meta-layouts":"default","ast-page-background-enabled":"default","ast-page-background-meta":{"desktop":{"background-color":"var(--ast-global-color-5)","background-image":"","background-repeat":"repeat","background-position":"center center","background-size":"auto","background-attachment":"scroll","background-type":"","background-media":"","overlay-type":"","overlay-color":"","overlay-opacity":"","overlay-gradient":""},"tablet":{"background-color":"","background-image":"","background-repeat":"repeat","background-position":"center center","background-size":"auto","background-attachment":"scroll","background-type":"","background-media":"","overlay-type":"","overlay-color":"","overlay-opacity":"","overlay-gradient":""},"mobile":{"background-color":"","background-image":"","background-repeat":"repeat","background-position":"center center","background-size":"auto","background-attachment":"scroll","background-type":"","background-media":"","overlay-type":"","overlay-color":"","overlay-opacity":"","overlay-gradient":""}},"ast-content-background-meta":{"desktop":{"background-color":"var(--ast-global-color-4)","background-image":"","background-repeat":"repeat","background-position":"center center","background-size":"auto","background-attachment":"scroll","background-type":"","background-media":"","overlay-type":"","overlay-color":"","overlay-opacity":"","overlay-gradient":""},"tablet":{"background-color":"var(--ast-global-color-4)","background-image":"","background-repeat":"repeat","background-position":"center center","background-size":"auto","background-attachment":"scroll","background-type":"","background-media":"","overlay-type":"","overlay-color":"","overlay-opacity":"","overlay-gradient":""},"mobile":{"background-color":"var(--ast-global-color-4)","background-image":"","background-repeat":"repeat","background-position":"center center","background-size":"auto","background-attachment":"scroll","background-type":"","background-media":"","overlay-type":"","overlay-color":"","overlay-opacity":"","overlay-gradient":""}},"footnotes":""},"class_list":["post-20","page","type-page","status-publish","hentry"],"_links":{"self":[{"href":"https:\/\/25.criacao.net.br\/livemode.com.br\/wp-json\/wp\/v2\/pages\/20","targetHints":{"allow":["GET"]}}],"collection":[{"href":"https:\/\/25.criacao.net.br\/livemode.com.br\/wp-json\/wp\/v2\/pages"}],"about":[{"href":"https:\/\/25.criacao.net.br\/livemode.com.br\/wp-json\/wp\/v2\/types\/page"}],"author":[{"embeddable":true,"href":"https:\/\/25.criacao.net.br\/livemode.com.br\/wp-json\/wp\/v2\/users\/1"}],"replies":[{"embeddable":true,"href":"https:\/\/25.criacao.net.br\/livemode.com.br\/wp-json\/wp\/v2\/comments?post=20"}],"version-history":[{"count":25,"href":"https:\/\/25.criacao.net.br\/livemode.com.br\/wp-json\/wp\/v2\/pages\/20\/revisions"}],"predecessor-version":[{"id":528,"href":"https:\/\/25.criacao.net.br\/livemode.com.br\/wp-json\/wp\/v2\/pages\/20\/revisions\/528"}],"wp:attachment":[{"href":"https:\/\/25.criacao.net.br\/livemode.com.br\/wp-json\/wp\/v2\/media?parent=20"}],"curies":[{"name":"wp","href":"https:\/\/api.w.org\/{rel}","templated":true}]}}