{"id":16,"date":"2025-10-13T19:38:05","date_gmt":"2025-10-13T19:38:05","guid":{"rendered":"https:\/\/25.criacao.net.br\/livemode.com.br\/?page_id=16"},"modified":"2025-10-13T23:17:21","modified_gmt":"2025-10-13T23:17:21","slug":"cap","status":"publish","type":"page","link":"https:\/\/25.criacao.net.br\/livemode.com.br\/cap\/","title":{"rendered":"CAP"},"content":{"rendered":"\t\t<div data-elementor-type=\"wp-page\" data-elementor-id=\"16\" class=\"elementor elementor-16\" data-elementor-post-type=\"page\">\n\t\t\t\t\t\t<section class=\"elementor-section elementor-top-section elementor-element elementor-element-23b9aa6 elementor-section-boxed elementor-section-height-default elementor-section-height-default wpr-particle-no wpr-jarallax-no wpr-parallax-no wpr-sticky-section-no\" data-id=\"23b9aa6\" data-element_type=\"section\" data-settings=\"{&quot;background_background&quot;:&quot;classic&quot;}\">\n\t\t\t\t\t\t<div class=\"elementor-container elementor-column-gap-default\">\n\t\t\t\t\t<div class=\"elementor-column elementor-col-100 elementor-top-column elementor-element elementor-element-4d71798\" data-id=\"4d71798\" data-element_type=\"column\">\n\t\t\t<div class=\"elementor-widget-wrap elementor-element-populated\">\n\t\t\t\t\t\t<div class=\"elementor-element elementor-element-684121e elementor-widget elementor-widget-heading\" data-id=\"684121e\" data-element_type=\"widget\" data-widget_type=\"heading.default\">\n\t\t\t\t<div class=\"elementor-widget-container\">\n\t\t\t\t\t<h2 class=\"elementor-heading-title elementor-size-default\">LiveMode &amp; Athletico Paranaense<\/h2>\t\t\t\t<\/div>\n\t\t\t\t<\/div>\n\t\t\t\t<div class=\"elementor-element elementor-element-f96ba6d elementor-widget-divider--view-line elementor-widget elementor-widget-divider\" data-id=\"f96ba6d\" data-element_type=\"widget\" data-widget_type=\"divider.default\">\n\t\t\t\t<div class=\"elementor-widget-container\">\n\t\t\t\t\t\t\t<div class=\"elementor-divider\">\n\t\t\t<span class=\"elementor-divider-separator\">\n\t\t\t\t\t\t<\/span>\n\t\t<\/div>\n\t\t\t\t\t\t<\/div>\n\t\t\t\t<\/div>\n\t\t\t\t<div class=\"elementor-element elementor-element-64ccbc7 elementor-widget elementor-widget-text-editor\" data-id=\"64ccbc7\" data-element_type=\"widget\" data-widget_type=\"text-editor.default\">\n\t\t\t\t<div class=\"elementor-widget-container\">\n\t\t\t\t\t\t\t\t\t<p class=\"font_2 wixui-rich-text__text\"><span class=\"wixui-rich-text__text\"><span class=\"color_36 wixui-rich-text__text\">LiveMode gerencia e comercializa Direitos de Transmiss\u00e3o e Patroc\u00ednios do Athletico Paranaense.<\/span><br class=\"wixui-rich-text__text\" \/><span class=\"color_36 wixui-rich-text__text\">Junto com o Athletico, criamos duas solu\u00e7\u00f5es de transmiss\u00e3o para os jogos do Furac\u00e3o, em casa, no Campeonato Brasileiro.\u00a0 Uma delas \u00e9 o Furac\u00e3o Live, plataforma de streaming in\u00e9dita que vibra junto com o torcedor Athleticano.\u00a0 A outra \u00e9 a transmiss\u00e3o ao vivo na Caz\u00e9TV, com um jeito leve e <\/span><\/span><span class=\"wixui-rich-text__text\"><span class=\"color_36 wixui-rich-text__text\">divertido do Casimiro e seus amigos.<\/span><\/span><\/p>\t\t\t\t\t\t\t\t<\/div>\n\t\t\t\t<\/div>\n\t\t\t\t<section class=\"elementor-section elementor-inner-section elementor-element elementor-element-7e45eda elementor-section-full_width elementor-section-height-default elementor-section-height-default wpr-particle-no wpr-jarallax-no wpr-parallax-no wpr-sticky-section-no\" data-id=\"7e45eda\" data-element_type=\"section\">\n\t\t\t\t\t\t<div class=\"elementor-container elementor-column-gap-default\">\n\t\t\t\t\t<div class=\"elementor-column elementor-col-50 elementor-inner-column elementor-element elementor-element-1cb9052\" data-id=\"1cb9052\" data-element_type=\"column\">\n\t\t\t<div class=\"elementor-widget-wrap elementor-element-populated\">\n\t\t\t\t\t\t<div class=\"elementor-element elementor-element-3ad7b6b elementor-widget elementor-widget-heading\" data-id=\"3ad7b6b\" data-element_type=\"widget\" data-widget_type=\"heading.default\">\n\t\t\t\t<div class=\"elementor-widget-container\">\n\t\t\t\t\t<h2 class=\"elementor-heading-title elementor-size-default\">BRASILEIR\u00c3O 2023\n<\/h2>\t\t\t\t<\/div>\n\t\t\t\t<\/div>\n\t\t\t\t<div class=\"elementor-element elementor-element-9a48f57 elementor-widget-divider--view-line elementor-widget elementor-widget-divider\" data-id=\"9a48f57\" data-element_type=\"widget\" data-widget_type=\"divider.default\">\n\t\t\t\t<div class=\"elementor-widget-container\">\n\t\t\t\t\t\t\t<div class=\"elementor-divider\">\n\t\t\t<span class=\"elementor-divider-separator\">\n\t\t\t\t\t\t<\/span>\n\t\t<\/div>\n\t\t\t\t\t\t<\/div>\n\t\t\t\t<\/div>\n\t\t\t\t<div class=\"elementor-element elementor-element-4d081fd elementor-widget elementor-widget-image\" data-id=\"4d081fd\" data-element_type=\"widget\" data-widget_type=\"image.default\">\n\t\t\t\t<div class=\"elementor-widget-container\">\n\t\t\t\t\t\t\t\t\t\t\t\t\t\t\t<img fetchpriority=\"high\" decoding=\"async\" width=\"439\" height=\"246\" src=\"https:\/\/25.criacao.net.br\/livemode.com.br\/wp-content\/uploads\/2025\/10\/casimiro_brasileirao_Easy-Resize_com_.avif\" class=\"attachment-large size-large wp-image-452\" alt=\"\" srcset=\"https:\/\/25.criacao.net.br\/livemode.com.br\/wp-content\/uploads\/2025\/10\/casimiro_brasileirao_Easy-Resize_com_.avif 439w, https:\/\/25.criacao.net.br\/livemode.com.br\/wp-content\/uploads\/2025\/10\/casimiro_brasileirao_Easy-Resize_com_-300x168.avif 300w\" sizes=\"(max-width: 439px) 100vw, 439px\" \/>\t\t\t\t\t\t\t\t\t\t\t\t\t\t\t<\/div>\n\t\t\t\t<\/div>\n\t\t\t\t\t<\/div>\n\t\t<\/div>\n\t\t\t\t<div class=\"elementor-column elementor-col-50 elementor-inner-column elementor-element elementor-element-78781f5\" data-id=\"78781f5\" data-element_type=\"column\">\n\t\t\t<div class=\"elementor-widget-wrap elementor-element-populated\">\n\t\t\t\t\t\t<div class=\"elementor-element elementor-element-a2a8032 elementor-widget elementor-widget-heading\" data-id=\"a2a8032\" data-element_type=\"widget\" data-widget_type=\"heading.default\">\n\t\t\t\t<div class=\"elementor-widget-container\">\n\t\t\t\t\t<h2 class=\"elementor-heading-title elementor-size-default\">Todos os duelos do <b>Athletico Paranaense<\/b> como mandante estar\u00e3o na <b>Caz\u00e9 Tv na Twitch e YouTube<\/b>\n- Marketing Esportivo<\/h2>\t\t\t\t<\/div>\n\t\t\t\t<\/div>\n\t\t\t\t<div class=\"elementor-element elementor-element-fb86fa4 elementor-widget elementor-widget-button\" data-id=\"fb86fa4\" data-element_type=\"widget\" data-widget_type=\"button.default\">\n\t\t\t\t<div class=\"elementor-widget-container\">\n\t\t\t\t\t\t\t\t\t<div class=\"elementor-button-wrapper\">\n\t\t\t\t\t<a class=\"elementor-button elementor-button-link elementor-size-sm\" href=\"https:\/\/www.mktesportivo.com\/2023\/02\/pelo-segundo-ano-consecutivo-casimiro-transmitira-jogos-do-brasileirao\/\" target=\"_blank\">\n\t\t\t\t\t\t<span class=\"elementor-button-content-wrapper\">\n\t\t\t\t\t\t\t\t\t<span class=\"elementor-button-text\">Ler mais<\/span>\n\t\t\t\t\t<\/span>\n\t\t\t\t\t<\/a>\n\t\t\t\t<\/div>\n\t\t\t\t\t\t\t\t<\/div>\n\t\t\t\t<\/div>\n\t\t\t\t\t<\/div>\n\t\t<\/div>\n\t\t\t\t\t<\/div>\n\t\t<\/section>\n\t\t\t\t<section class=\"elementor-section elementor-inner-section elementor-element elementor-element-eeee507 elementor-section-full_width elementor-reverse-tablet elementor-reverse-mobile elementor-section-height-default elementor-section-height-default wpr-particle-no wpr-jarallax-no wpr-parallax-no wpr-sticky-section-no\" data-id=\"eeee507\" data-element_type=\"section\">\n\t\t\t\t\t\t<div class=\"elementor-container elementor-column-gap-default\">\n\t\t\t\t\t<div class=\"elementor-column elementor-col-50 elementor-inner-column elementor-element elementor-element-dc60927\" data-id=\"dc60927\" data-element_type=\"column\">\n\t\t\t<div class=\"elementor-widget-wrap elementor-element-populated\">\n\t\t\t\t\t\t<div class=\"elementor-element elementor-element-c9b6e7f elementor-icon-list--layout-traditional elementor-list-item-link-full_width elementor-widget elementor-widget-icon-list\" data-id=\"c9b6e7f\" data-element_type=\"widget\" data-widget_type=\"icon-list.default\">\n\t\t\t\t<div class=\"elementor-widget-container\">\n\t\t\t\t\t\t\t<ul class=\"elementor-icon-list-items\">\n\t\t\t\t\t\t\t<li class=\"elementor-icon-list-item\">\n\t\t\t\t\t\t\t\t\t\t\t<span class=\"elementor-icon-list-icon\">\n\t\t\t\t\t\t\t<i aria-hidden=\"true\" class=\"fas fa-circle\"><\/i>\t\t\t\t\t\t<\/span>\n\t\t\t\t\t\t\t\t\t\t<span class=\"elementor-icon-list-text\">Primeiro Clube a Transmitir o Brasileir\u00e3o na Twitch <\/span>\n\t\t\t\t\t\t\t\t\t<\/li>\n\t\t\t\t\t\t\t\t<li class=\"elementor-icon-list-item\">\n\t\t\t\t\t\t\t\t\t\t\t<span class=\"elementor-icon-list-icon\">\n\t\t\t\t\t\t\t<i aria-hidden=\"true\" class=\"fas fa-circle\"><\/i>\t\t\t\t\t\t<\/span>\n\t\t\t\t\t\t\t\t\t\t<span class=\"elementor-icon-list-text\">Mais de 7M de Live Views <\/span>\n\t\t\t\t\t\t\t\t\t<\/li>\n\t\t\t\t\t\t<\/ul>\n\t\t\t\t\t\t<\/div>\n\t\t\t\t<\/div>\n\t\t\t\t\t<\/div>\n\t\t<\/div>\n\t\t\t\t<div class=\"elementor-column elementor-col-50 elementor-inner-column elementor-element elementor-element-07dfdc2\" data-id=\"07dfdc2\" data-element_type=\"column\">\n\t\t\t<div class=\"elementor-widget-wrap elementor-element-populated\">\n\t\t\t\t\t\t<div class=\"elementor-element elementor-element-63a8c15 elementor-widget elementor-widget-heading\" data-id=\"63a8c15\" data-element_type=\"widget\" data-widget_type=\"heading.default\">\n\t\t\t\t<div class=\"elementor-widget-container\">\n\t\t\t\t\t<h2 class=\"elementor-heading-title elementor-size-default\">BRASILEIR\u00c3O 2022<\/h2>\t\t\t\t<\/div>\n\t\t\t\t<\/div>\n\t\t\t\t<div class=\"elementor-element elementor-element-24e1de8 elementor-widget-divider--view-line elementor-widget elementor-widget-divider\" data-id=\"24e1de8\" data-element_type=\"widget\" data-widget_type=\"divider.default\">\n\t\t\t\t<div class=\"elementor-widget-container\">\n\t\t\t\t\t\t\t<div class=\"elementor-divider\">\n\t\t\t<span class=\"elementor-divider-separator\">\n\t\t\t\t\t\t<\/span>\n\t\t<\/div>\n\t\t\t\t\t\t<\/div>\n\t\t\t\t<\/div>\n\t\t\t\t<div class=\"elementor-element elementor-element-cfeaee5 elementor-widget elementor-widget-image\" data-id=\"cfeaee5\" data-element_type=\"widget\" data-widget_type=\"image.default\">\n\t\t\t\t<div class=\"elementor-widget-container\">\n\t\t\t\t\t\t\t\t\t\t\t\t\t\t\t<img decoding=\"async\" width=\"439\" height=\"246\" src=\"https:\/\/25.criacao.net.br\/livemode.com.br\/wp-content\/uploads\/2025\/10\/print_twitch_casimiro_athletico_brasileiro.avif\" class=\"attachment-large size-large wp-image-459\" alt=\"\" srcset=\"https:\/\/25.criacao.net.br\/livemode.com.br\/wp-content\/uploads\/2025\/10\/print_twitch_casimiro_athletico_brasileiro.avif 439w, https:\/\/25.criacao.net.br\/livemode.com.br\/wp-content\/uploads\/2025\/10\/print_twitch_casimiro_athletico_brasileiro-300x168.avif 300w\" sizes=\"(max-width: 439px) 100vw, 439px\" \/>\t\t\t\t\t\t\t\t\t\t\t\t\t\t\t<\/div>\n\t\t\t\t<\/div>\n\t\t\t\t\t<\/div>\n\t\t<\/div>\n\t\t\t\t\t<\/div>\n\t\t<\/section>\n\t\t\t\t\t<\/div>\n\t\t<\/div>\n\t\t\t\t\t<\/div>\n\t\t<\/section>\n\t\t\t\t<section class=\"elementor-section elementor-top-section elementor-element elementor-element-449c8c6 elementor-section-boxed elementor-section-height-default elementor-section-height-default wpr-particle-no wpr-jarallax-no wpr-parallax-no wpr-sticky-section-no\" data-id=\"449c8c6\" data-element_type=\"section\" data-settings=\"{&quot;background_background&quot;:&quot;classic&quot;}\">\n\t\t\t\t\t\t<div class=\"elementor-container elementor-column-gap-default\">\n\t\t\t\t\t<div class=\"elementor-column elementor-col-100 elementor-top-column elementor-element elementor-element-7ae6606\" data-id=\"7ae6606\" data-element_type=\"column\">\n\t\t\t<div class=\"elementor-widget-wrap elementor-element-populated\">\n\t\t\t\t\t\t<div class=\"elementor-element elementor-element-6226c4b elementor-widget elementor-widget-heading\" data-id=\"6226c4b\" data-element_type=\"widget\" data-widget_type=\"heading.default\">\n\t\t\t\t<div class=\"elementor-widget-container\">\n\t\t\t\t\t<h2 class=\"elementor-heading-title elementor-size-default\">PARCERIA <b>LIVEMODE &amp; FIFA<\/b> NA IMPRENSA<\/h2>\t\t\t\t<\/div>\n\t\t\t\t<\/div>\n\t\t\t\t<div class=\"elementor-element elementor-element-938e211 premium-adv-carousel__infinite premium-adv-carousel__horizontal elementor-widget elementor-widget-premium-media-wheel\" data-id=\"938e211\" data-element_type=\"widget\" data-widget_type=\"premium-media-wheel.default\">\n\t\t\t\t<div class=\"elementor-widget-container\">\n\t\t\t\t\t\t\t<div class=\"premium-adv-carousel-no-lightbox premium-adv-carousel__container\" data-settings=\"{&quot;type&quot;:&quot;infinite&quot;,&quot;scroll&quot;:false,&quot;speed&quot;:50,&quot;pauseOnHover&quot;:true,&quot;dir&quot;:&quot;horizontal&quot;,&quot;reverse&quot;:&quot;normal&quot;,&quot;renderEvent&quot;:&quot;scroll&quot;}\">\n\n\t\t\t<div style=\"visibility:hidden;\" class=\"premium-adv-carousel__inner-container\">\n\n\t\t\t\t<div class=\"premium-adv-carousel__items\">\n\n\t\t\t\t\t\t\t\t<div class=\"premium-adv-carousel__item-outer-wrapper\">\n\t\t\t\t<div class=\"elementor-repeater-item-1d1d3b5 premium-adv-carousel__item premium-adv-carousel__item-image\">\n\t\t\t\t\t<div class=\"premium-adv-carousel__media-wrap\">\n\t\t\t\t\t\t\t\t\t\t\t\t\t\t<img decoding=\"async\" src=\"https:\/\/25.criacao.net.br\/livemode.com.br\/wp-content\/uploads\/2025\/10\/uol3.png\" alt=\"uol3\" class=\"premium-adv-carousel__item-img \">\n\t\t\t\t\t\t\t<a class=\"premium-adv-carousel__item-link\" aria-label=\"\" href=\"https:\/\/www.uol.com.br\/esporte\/colunas\/allan-simon\/2022\/12\/05\/casimiro-bate-mais-um-recorde-mundial-de-audiencia-no-youtube-com-a-copa.htm\" ><\/a>\t\t\t\t\t<\/div>\n\n\t\t\t\t\t\n\t\t\t\t\t\t\t\t\t<\/div>\n\t\t\t<\/div>\n\t\t\t\t\t\t<div class=\"premium-adv-carousel__item-outer-wrapper\">\n\t\t\t\t<div class=\"elementor-repeater-item-748ea3f premium-adv-carousel__item premium-adv-carousel__item-image\">\n\t\t\t\t\t<div class=\"premium-adv-carousel__media-wrap\">\n\t\t\t\t\t\t\t\t\t\t\t\t\t\t<img decoding=\"async\" src=\"https:\/\/25.criacao.net.br\/livemode.com.br\/wp-content\/uploads\/2025\/10\/uol1.png\" alt=\"uol1\" class=\"premium-adv-carousel__item-img \">\n\t\t\t\t\t\t\t<a class=\"premium-adv-carousel__item-link\" aria-label=\"\" href=\"https:\/\/www.uol.com.br\/esporte\/colunas\/danilo-lavieri\/2022\/06\/28\/paulistao-supera-brasileirao-e-tem-maior-premiacao-da-historia-do-feminino.htm\" ><\/a>\t\t\t\t\t<\/div>\n\n\t\t\t\t\t\n\t\t\t\t\t\t\t\t\t<\/div>\n\t\t\t<\/div>\n\t\t\t\t\t\t<div class=\"premium-adv-carousel__item-outer-wrapper\">\n\t\t\t\t<div class=\"elementor-repeater-item-6354682 premium-adv-carousel__item premium-adv-carousel__item-image\">\n\t\t\t\t\t<div class=\"premium-adv-carousel__media-wrap\">\n\t\t\t\t\t\t\t\t\t\t\t\t\t\t<img decoding=\"async\" src=\"https:\/\/25.criacao.net.br\/livemode.com.br\/wp-content\/uploads\/2025\/10\/6.png\" alt=\"6\" class=\"premium-adv-carousel__item-img \">\n\t\t\t\t\t\t\t<a class=\"premium-adv-carousel__item-link\" aria-label=\"\" href=\"https:\/\/www.meioemensagem.com.br\/midia\/cazetv-transmitira-a-copa-do-mundo-feminina\" ><\/a>\t\t\t\t\t<\/div>\n\n\t\t\t\t\t\n\t\t\t\t\t\t\t\t\t<\/div>\n\t\t\t<\/div>\n\t\t\t\t\t\t<div class=\"premium-adv-carousel__item-outer-wrapper\">\n\t\t\t\t<div class=\"elementor-repeater-item-19cc49f premium-adv-carousel__item premium-adv-carousel__item-image\">\n\t\t\t\t\t<div class=\"premium-adv-carousel__media-wrap\">\n\t\t\t\t\t\t\t\t\t\t\t\t\t\t<img decoding=\"async\" src=\"https:\/\/25.criacao.net.br\/livemode.com.br\/wp-content\/uploads\/2025\/10\/7.png\" alt=\"7\" class=\"premium-adv-carousel__item-img \">\n\t\t\t\t\t\t\t<a class=\"premium-adv-carousel__item-link\" aria-label=\"\" href=\"https:\/\/www.mktesportivo.com\/2023\/03\/transmissao-do-paulistao-inova-ao-colocar-camera-em-jogador-e-arbitro-antes-da-partida\/\" ><\/a>\t\t\t\t\t<\/div>\n\n\t\t\t\t\t\n\t\t\t\t\t\t\t\t\t<\/div>\n\t\t\t<\/div>\n\t\t\t\t\t\t<div class=\"premium-adv-carousel__item-outer-wrapper\">\n\t\t\t\t<div class=\"elementor-repeater-item-1083090 premium-adv-carousel__item premium-adv-carousel__item-image\">\n\t\t\t\t\t<div class=\"premium-adv-carousel__media-wrap\">\n\t\t\t\t\t\t\t\t\t\t\t\t\t\t<img decoding=\"async\" src=\"https:\/\/25.criacao.net.br\/livemode.com.br\/wp-content\/uploads\/2025\/10\/8.png\" alt=\"8\" class=\"premium-adv-carousel__item-img \">\n\t\t\t\t\t\t\t<a class=\"premium-adv-carousel__item-link\" aria-label=\"\" href=\"https:\/\/www.mktesportivo.com\/2023\/03\/transmissao-do-paulistao-inova-ao-colocar-camera-em-jogador-e-arbitro-antes-da-partida\/\" ><\/a>\t\t\t\t\t<\/div>\n\n\t\t\t\t\t\n\t\t\t\t\t\t\t\t\t<\/div>\n\t\t\t<\/div>\n\t\t\t\t\t\t<div class=\"premium-adv-carousel__item-outer-wrapper\">\n\t\t\t\t<div class=\"elementor-repeater-item-7073afd premium-adv-carousel__item premium-adv-carousel__item-image\">\n\t\t\t\t\t<div class=\"premium-adv-carousel__media-wrap\">\n\t\t\t\t\t\t\t\t\t\t\t\t\t\t<img decoding=\"async\" src=\"https:\/\/25.criacao.net.br\/livemode.com.br\/wp-content\/uploads\/2025\/10\/11.png\" alt=\"11\" class=\"premium-adv-carousel__item-img \">\n\t\t\t\t\t\t\t<a class=\"premium-adv-carousel__item-link\" aria-label=\"\" href=\"https:\/\/onefootball.com\/pt-br\/noticias\/casimiro-e-athletico-reforcam-parceria-para-o-brasileirao-2023-36759453\" ><\/a>\t\t\t\t\t<\/div>\n\n\t\t\t\t\t\n\t\t\t\t\t\t\t\t\t<\/div>\n\t\t\t<\/div>\n\t\t\t\t\t\t<div class=\"premium-adv-carousel__item-outer-wrapper\">\n\t\t\t\t<div class=\"elementor-repeater-item-732e6ea premium-adv-carousel__item premium-adv-carousel__item-image\">\n\t\t\t\t\t<div class=\"premium-adv-carousel__media-wrap\">\n\t\t\t\t\t\t\t\t\t\t\t\t\t\t<img decoding=\"async\" src=\"https:\/\/25.criacao.net.br\/livemode.com.br\/wp-content\/uploads\/2025\/10\/10.png\" alt=\"10\" class=\"premium-adv-carousel__item-img \">\n\t\t\t\t\t\t\t<a class=\"premium-adv-carousel__item-link\" aria-label=\"\" href=\"https:\/\/www.mktesportivo.com\/2023\/02\/paulistao-sicredi-2023-se-destaca-em-publico-renda-e-audiencia\/\" ><\/a>\t\t\t\t\t<\/div>\n\n\t\t\t\t\t\n\t\t\t\t\t\t\t\t\t<\/div>\n\t\t\t<\/div>\n\t\t\t\t\t\t<div class=\"premium-adv-carousel__item-outer-wrapper\">\n\t\t\t\t<div class=\"elementor-repeater-item-d083148 premium-adv-carousel__item premium-adv-carousel__item-image\">\n\t\t\t\t\t<div class=\"premium-adv-carousel__media-wrap\">\n\t\t\t\t\t\t\t\t\t\t\t\t\t\t<img decoding=\"async\" src=\"https:\/\/25.criacao.net.br\/livemode.com.br\/wp-content\/uploads\/2025\/10\/9.png\" alt=\"9\" class=\"premium-adv-carousel__item-img \">\n\t\t\t\t\t\t\t<a class=\"premium-adv-carousel__item-link\" aria-label=\"\" href=\"https:\/\/www.uol.com.br\/esporte\/colunas\/allan-simon\/2023\/01\/10\/livemode-fecha-acordo-por\" ><\/a>\t\t\t\t\t<\/div>\n\n\t\t\t\t\t\n\t\t\t\t\t\t\t\t\t<\/div>\n\t\t\t<\/div>\n\t\t\t\t\t\t\t<\/div>\n\t\t\t<\/div>\n\t\t<\/div>\n\t\t\t\t\t\t<\/div>\n\t\t\t\t<\/div>\n\t\t\t\t\t<\/div>\n\t\t<\/div>\n\t\t\t\t\t<\/div>\n\t\t<\/section>\n\t\t\t\t<\/div>\n\t\t","protected":false},"excerpt":{"rendered":"<p>LiveMode &amp; Athletico Paranaense LiveMode gerencia e comercializa Direitos de Transmiss\u00e3o e Patroc\u00ednios do Athletico Paranaense.Junto com o Athletico, criamos duas solu\u00e7\u00f5es de transmiss\u00e3o para os jogos do Furac\u00e3o, em casa, no Campeonato Brasileiro.\u00a0 Uma delas \u00e9 o Furac\u00e3o Live, plataforma de streaming in\u00e9dita que vibra junto com o torcedor Athleticano.\u00a0 A outra \u00e9 a transmiss\u00e3o ao vivo na Caz\u00e9TV, com um jeito leve e divertido do Casimiro e seus amigos. BRASILEIR\u00c3O 2023 Todos os duelos do Athletico Paranaense como mandante estar\u00e3o na Caz\u00e9 Tv na Twitch e YouTube &#8211; Marketing Esportivo Ler mais Primeiro Clube a Transmitir o Brasileir\u00e3o na Twitch Mais de 7M de Live Views BRASILEIR\u00c3O 2022 PARCERIA LIVEMODE &amp; FIFA NA IMPRENSA<\/p>\n","protected":false},"author":1,"featured_media":0,"parent":0,"menu_order":0,"comment_status":"closed","ping_status":"closed","template":"elementor_header_footer","meta":{"site-sidebar-layout":"no-sidebar","site-content-layout":"","ast-site-content-layout":"full-width-container","site-content-style":"default","site-sidebar-style":"default","ast-global-header-display":"","ast-banner-title-visibility":"","ast-main-header-display":"","ast-hfb-above-header-display":"","ast-hfb-below-header-display":"","ast-hfb-mobile-header-display":"","site-post-title":"","ast-breadcrumbs-content":"","ast-featured-img":"disabled","footer-sml-layout":"","ast-disable-related-posts":"","theme-transparent-header-meta":"","adv-header-id-meta":"","stick-header-meta":"","header-above-stick-meta":"","header-main-stick-meta":"","header-below-stick-meta":"","astra-migrate-meta-layouts":"default","ast-page-background-enabled":"default","ast-page-background-meta":{"desktop":{"background-color":"var(--ast-global-color-5)","background-image":"","background-repeat":"repeat","background-position":"center center","background-size":"auto","background-attachment":"scroll","background-type":"","background-media":"","overlay-type":"","overlay-color":"","overlay-opacity":"","overlay-gradient":""},"tablet":{"background-color":"","background-image":"","background-repeat":"repeat","background-position":"center center","background-size":"auto","background-attachment":"scroll","background-type":"","background-media":"","overlay-type":"","overlay-color":"","overlay-opacity":"","overlay-gradient":""},"mobile":{"background-color":"","background-image":"","background-repeat":"repeat","background-position":"center center","background-size":"auto","background-attachment":"scroll","background-type":"","background-media":"","overlay-type":"","overlay-color":"","overlay-opacity":"","overlay-gradient":""}},"ast-content-background-meta":{"desktop":{"background-color":"var(--ast-global-color-4)","background-image":"","background-repeat":"repeat","background-position":"center center","background-size":"auto","background-attachment":"scroll","background-type":"","background-media":"","overlay-type":"","overlay-color":"","overlay-opacity":"","overlay-gradient":""},"tablet":{"background-color":"var(--ast-global-color-4)","background-image":"","background-repeat":"repeat","background-position":"center center","background-size":"auto","background-attachment":"scroll","background-type":"","background-media":"","overlay-type":"","overlay-color":"","overlay-opacity":"","overlay-gradient":""},"mobile":{"background-color":"var(--ast-global-color-4)","background-image":"","background-repeat":"repeat","background-position":"center center","background-size":"auto","background-attachment":"scroll","background-type":"","background-media":"","overlay-type":"","overlay-color":"","overlay-opacity":"","overlay-gradient":""}},"footnotes":""},"class_list":["post-16","page","type-page","status-publish","hentry"],"_links":{"self":[{"href":"https:\/\/25.criacao.net.br\/livemode.com.br\/wp-json\/wp\/v2\/pages\/16","targetHints":{"allow":["GET"]}}],"collection":[{"href":"https:\/\/25.criacao.net.br\/livemode.com.br\/wp-json\/wp\/v2\/pages"}],"about":[{"href":"https:\/\/25.criacao.net.br\/livemode.com.br\/wp-json\/wp\/v2\/types\/page"}],"author":[{"embeddable":true,"href":"https:\/\/25.criacao.net.br\/livemode.com.br\/wp-json\/wp\/v2\/users\/1"}],"replies":[{"embeddable":true,"href":"https:\/\/25.criacao.net.br\/livemode.com.br\/wp-json\/wp\/v2\/comments?post=16"}],"version-history":[{"count":22,"href":"https:\/\/25.criacao.net.br\/livemode.com.br\/wp-json\/wp\/v2\/pages\/16\/revisions"}],"predecessor-version":[{"id":466,"href":"https:\/\/25.criacao.net.br\/livemode.com.br\/wp-json\/wp\/v2\/pages\/16\/revisions\/466"}],"wp:attachment":[{"href":"https:\/\/25.criacao.net.br\/livemode.com.br\/wp-json\/wp\/v2\/media?parent=16"}],"curies":[{"name":"wp","href":"https:\/\/api.w.org\/{rel}","templated":true}]}}